{"id":811,"date":"2024-01-29T12:24:27","date_gmt":"2024-01-29T12:24:27","guid":{"rendered":"https:\/\/invito.co\/?page_id=811"},"modified":"2025-01-27T13:25:53","modified_gmt":"2025-01-27T13:25:53","slug":"anasayfa","status":"publish","type":"page","link":"https:\/\/invito.co\/tr_en\/","title":{"rendered":"Home"},"content":{"rendered":"<div id=\"fws_69d9f3d7ee1c9\"  data-column-margin=\"default\" data-midnight=\"dark\"  class=\"wpb_row vc_row-fluid vc_row full-width-content vc_row-o-full-height vc_row-o-columns-middle vc_row-o-equal-height vc_row-flex vc_row-o-content-top\"  style=\"padding-top: 0px; padding-bottom: 0px; \"><div class=\"row-bg-wrap\" data-bg-animation=\"none\" data-bg-animation-delay=\"\" data-bg-overlay=\"true\"><div class=\"inner-wrap row-bg-layer\" ><div class=\"row-bg viewport-desktop\"  style=\"\"><\/div><\/div><div class=\"row-bg-overlay row-bg-layer\" style=\"background-color:#0a0a0a;  opacity: 0.3; \"><\/div><\/div>\n\t\t\t<div class=\"video-color-overlay row-bg-layer\" data-color=\"\"><\/div>\n\t\t\t\n\t\t\t<div class=\"nectar-video-wrap row-bg-layer\" data-bg-alignment=\"\">\n\t\t\t\t<div class=\"nectar-video-inner\">\n\t\t\t\t<div class=\"nectar-youtube-bg\"><span>https:\/\/www.youtube.com\/watch?v=6PETRRuCv7M<\/span><\/div>    \t\t<\/div>\n\t\t\t <\/div>\n\n\t\t\t<div class=\"row_col_wrap_12 col span_12 dark center\">\n\t<div  class=\"vc_col-sm-4 wpb_column column_container vc_column_container col no-extra-padding inherit_tablet inherit_phone\"  data-padding-pos=\"all\" data-has-bg-color=\"false\" data-bg-color=\"\" data-bg-opacity=\"1\" data-animation=\"\" data-delay=\"0\" >\n\t\t<div class=\"vc_column-inner\" ><a class=\"column-link\" target=\"_self\" href=\"\/tr_en\/koleksiyon\/\"><\/a>\n\t\t\t<div class=\"wpb_wrapper\">\n\t\t\t\t\n\t\t\t<\/div> \n\t\t<\/div>\n\t<\/div> \n\n\t<div  class=\"vc_col-sm-4 wpb_column column_container vc_column_container col has-animation no-extra-padding inherit_tablet inherit_phone\"  data-padding-pos=\"all\" data-has-bg-color=\"false\" data-bg-color=\"\" data-bg-opacity=\"1\" data-animation=\"fade-in\" data-delay=\"8000\" >\n\t\t<div class=\"vc_column-inner\" >\n\t\t\t<div class=\"wpb_wrapper\">\n\t\t\t\t<h1 style=\"font-size: 40px;color: #ffffff;text-align: center;font-family:Jacques Francois;font-weight:400;font-style:normal\" class=\"vc_custom_heading\" >YEN\u0130 KOLEKS\u0130YON<\/h1><h1 style=\"color: #ffffff;text-align: center;font-family:Balthazar;font-weight:400;font-style:normal\" class=\"vc_custom_heading\" >KAPADOKYA<\/h1><a class=\"nectar-button jumbo regular m-extra-color-gradient-1\"  role=\"button\" style=\"\"  href=\"https:\/\/invito.co\/tr_en\/koleksiyon-25-kapadokya\/\" data-color-override=\"false\" data-hover-color-override=\"false\" data-hover-text-color-override=\"#fff\"><span>Discover More<\/span><\/a>\n\t\t\t<\/div> \n\t\t<\/div>\n\t<\/div> \n\n\t<div  class=\"vc_col-sm-4 wpb_column column_container vc_column_container col no-extra-padding inherit_tablet inherit_phone\"  data-padding-pos=\"all\" data-has-bg-color=\"false\" data-bg-color=\"\" data-bg-opacity=\"1\" data-animation=\"\" data-delay=\"0\" >\n\t\t<div class=\"vc_column-inner\" >\n\t\t\t<div class=\"wpb_wrapper\">\n\t\t\t\t\n\t\t\t<\/div> \n\t\t<\/div>\n\t<\/div> \n<\/div><\/div>\n\t\t<div id=\"fws_69d9f3d7eff7e\"  data-column-margin=\"default\" data-midnight=\"dark\" data-bottom-percent=\"10%\"  class=\"wpb_row vc_row-fluid vc_row full-width-section\"  style=\"padding-top: 0px; padding-bottom: calc(100vw * 0.10); \"><div class=\"row-bg-wrap\" data-bg-animation=\"none\" data-bg-animation-delay=\"\" data-bg-overlay=\"false\"><div class=\"inner-wrap row-bg-layer\" ><div class=\"row-bg viewport-desktop\"  style=\"\"><\/div><\/div><\/div><div class=\"row_col_wrap_12 col span_12 dark left\">\n\t<div  class=\"vc_col-sm-6 wpb_column column_container vc_column_container col padding-2-percent inherit_tablet inherit_phone\"  data-padding-pos=\"all\" data-has-bg-color=\"false\" data-bg-color=\"\" data-bg-opacity=\"1\" data-animation=\"\" data-delay=\"0\" >\n\t\t<div class=\"vc_column-inner\" >\n\t\t\t<div class=\"wpb_wrapper\">\n\t\t\t\t\n\t\t\t<\/div> \n\t\t<\/div>\n\t<\/div> \n\n\t<div style=\"margin-top: 5%; \" class=\"vc_col-sm-6 wpb_column column_container vc_column_container col padding-10-percent inherit_tablet inherit_phone\"  data-padding-pos=\"left\" data-has-bg-color=\"false\" data-bg-color=\"\" data-bg-opacity=\"1\" data-animation=\"\" data-delay=\"0\" >\n\t\t<div class=\"vc_column-inner\" >\n\t\t\t<div class=\"wpb_wrapper\">\n\t\t\t\t\n\t\t\t<\/div> \n\t\t<\/div>\n\t<\/div> \n\n\t<div  class=\"vc_col-sm-6 wpb_column column_container vc_column_container col padding-2-percent inherit_tablet inherit_phone\"  data-padding-pos=\"all\" data-has-bg-color=\"false\" data-bg-color=\"\" data-bg-opacity=\"1\" data-animation=\"\" data-delay=\"0\" >\n\t\t<div class=\"vc_column-inner\" >\n\t\t\t<div class=\"wpb_wrapper\">\n\t\t\t\t<div class=\"nectar_cascading_images\" data-border-radius=\"none\" data-parallax=\"\" data-parallax-intensity=\"subtle\" data-animation-timing=\"175\"><div class=\"cascading-image\" data-has-img=\"true\" style=\" padding:26%;\" data-max-width=\"100%\" data-max-width-mobile=\"100%\" data-animation=\"grow-in\" data-shadow=\"none\"><div class=\"inner-wrap\"><div class=\"bg-layer\" data-scale=\"1\" style=\"transform: scale(1)\"><div style=\" -webkit-transform:translateX(0%) translateY(-30%) ; transform:translateX(0%) translateY(-30%) ;\" class=\"img-wrap\"> <img loading=\"lazy\" decoding=\"async\" src=\"https:\/\/cdn.clicospace.com\/clico\/clients\/invito\/images\/2025\/01\/13125905\/2568.jpg\" srcset=\"https:\/\/cdn.clicospace.com\/clico\/clients\/invito\/images\/2025\/01\/13125905\/2568.jpg 1280w, https:\/\/cdn.clicospace.com\/clico\/clients\/invito\/images\/2025\/01\/13125905\/2568-202x300.jpg 202w, https:\/\/cdn.clicospace.com\/clico\/clients\/invito\/images\/2025\/01\/13125905\/2568-688x1024.jpg 688w, https:\/\/cdn.clicospace.com\/clico\/clients\/invito\/images\/2025\/01\/13125905\/2568-768x1142.jpg 768w, https:\/\/cdn.clicospace.com\/clico\/clients\/invito\/images\/2025\/01\/13125905\/2568-1033x1536.jpg 1033w, https:\/\/cdn.clicospace.com\/clico\/clients\/invito\/images\/2025\/01\/13125905\/2568-8x12.jpg 8w, https:\/\/cdn.clicospace.com\/clico\/clients\/invito\/images\/2025\/01\/13125905\/2568-500x744.jpg 500w, https:\/\/cdn.clicospace.com\/clico\/clients\/invito\/images\/2025\/01\/13125905\/2568-300x446.jpg 300w, https:\/\/cdn.clicospace.com\/clico\/clients\/invito\/images\/2025\/01\/13125905\/2568-600x893.jpg 600w\" sizes=\"auto, (min-width: 1000px) 45vw, 100vw\" height=\"1904\" width=\"1280\" class=\"skip-lazy\" alt=\"\" \/> <\/div><\/div><\/div><\/div><div class=\"cascading-image\" data-has-img=\"true\" style=\" padding:26%;\" data-max-width=\"100%\" data-max-width-mobile=\"100%\" data-animation=\"grow-in\" data-shadow=\"none\"><div class=\"inner-wrap\"><div class=\"bg-layer\" data-scale=\"1\" style=\"transform: scale(1)\"><div style=\" -webkit-transform:translateX(50%) translateY(35%) ; transform:translateX(50%) translateY(35%) ;\" class=\"img-wrap\"> <img loading=\"lazy\" decoding=\"async\" src=\"https:\/\/cdn.clicospace.com\/clico\/clients\/invito\/images\/2025\/01\/13125946\/2557-5.jpg\" srcset=\"https:\/\/cdn.clicospace.com\/clico\/clients\/invito\/images\/2025\/01\/13125946\/2557-5.jpg 1904w, https:\/\/cdn.clicospace.com\/clico\/clients\/invito\/images\/2025\/01\/13125946\/2557-5-256x300.jpg 256w, https:\/\/cdn.clicospace.com\/clico\/clients\/invito\/images\/2025\/01\/13125946\/2557-5-875x1024.jpg 875w, https:\/\/cdn.clicospace.com\/clico\/clients\/invito\/images\/2025\/01\/13125946\/2557-5-768x899.jpg 768w, https:\/\/cdn.clicospace.com\/clico\/clients\/invito\/images\/2025\/01\/13125946\/2557-5-1313x1536.jpg 1313w, https:\/\/cdn.clicospace.com\/clico\/clients\/invito\/images\/2025\/01\/13125946\/2557-5-1750x2048.jpg 1750w, https:\/\/cdn.clicospace.com\/clico\/clients\/invito\/images\/2025\/01\/13125946\/2557-5-10x12.jpg 10w, https:\/\/cdn.clicospace.com\/clico\/clients\/invito\/images\/2025\/01\/13125946\/2557-5-500x585.jpg 500w, https:\/\/cdn.clicospace.com\/clico\/clients\/invito\/images\/2025\/01\/13125946\/2557-5-300x351.jpg 300w, https:\/\/cdn.clicospace.com\/clico\/clients\/invito\/images\/2025\/01\/13125946\/2557-5-600x702.jpg 600w\" sizes=\"auto, (min-width: 1000px) 45vw, 100vw\" height=\"2228\" width=\"1904\" class=\"skip-lazy\" alt=\"\" \/> <\/div><\/div><\/div><\/div><div class=\"cascading-image\" data-has-img=\"true\" style=\" padding:26%;\" data-max-width=\"100%\" data-max-width-mobile=\"100%\" data-animation=\"grow-in\" data-shadow=\"x_large_depth\"><div class=\"inner-wrap\"><div class=\"bg-layer\" data-scale=\"1\" style=\"transform: scale(1)\"><div style=\" -webkit-transform:translateX(-35%) translateY(60%) ; transform:translateX(-35%) translateY(60%) ;\" class=\"img-wrap\"> <img loading=\"lazy\" decoding=\"async\" src=\"https:\/\/cdn.clicospace.com\/clico\/clients\/invito\/images\/2025\/01\/13130028\/2583-scaled.jpg\" srcset=\"https:\/\/cdn.clicospace.com\/clico\/clients\/invito\/images\/2025\/01\/13130028\/2583-scaled.jpg 1732w, https:\/\/cdn.clicospace.com\/clico\/clients\/invito\/images\/2025\/01\/13130028\/2583-203x300.jpg 203w, https:\/\/cdn.clicospace.com\/clico\/clients\/invito\/images\/2025\/01\/13130028\/2583-693x1024.jpg 693w, https:\/\/cdn.clicospace.com\/clico\/clients\/invito\/images\/2025\/01\/13130028\/2583-768x1135.jpg 768w, https:\/\/cdn.clicospace.com\/clico\/clients\/invito\/images\/2025\/01\/13130028\/2583-1039x1536.jpg 1039w, https:\/\/cdn.clicospace.com\/clico\/clients\/invito\/images\/2025\/01\/13130028\/2583-1386x2048.jpg 1386w, https:\/\/cdn.clicospace.com\/clico\/clients\/invito\/images\/2025\/01\/13130028\/2583-8x12.jpg 8w, https:\/\/cdn.clicospace.com\/clico\/clients\/invito\/images\/2025\/01\/13130028\/2583-500x739.jpg 500w, https:\/\/cdn.clicospace.com\/clico\/clients\/invito\/images\/2025\/01\/13130028\/2583-300x443.jpg 300w, https:\/\/cdn.clicospace.com\/clico\/clients\/invito\/images\/2025\/01\/13130028\/2583-600x887.jpg 600w\" sizes=\"auto, (min-width: 1000px) 45vw, 100vw\" height=\"2560\" width=\"1732\" class=\"skip-lazy\" alt=\"\" \/> <\/div><\/div><\/div><\/div><\/div><div class='nectar-post-grid-wrap text-color-light spacing-none' data-el-settings='{\"post_type\":\"post\",\"pagination\":\"none\",\"image_size\":\"large\",\"parallax_scrolling\":\"\",\"aspect_ratio_image_size\":\"\",\"category_position\":\"default\",\"category_display\":\"default\",\"display_categories\":\"0\",\"display_excerpt\":\"0\",\"excerpt_length\":\"20\",\"display_date\":\"0\",\"display_estimated_reading_time\":\"0\",\"display_author\":\"0\",\"author_functionality\":\"default\",\"author_position\":\"default\",\"color_overlay\":\"\",\"color_overlay_opacity\":\"0.3\",\"color_overlay_hover_opacity\":\"0.4\",\"card_bg_color\":\"\",\"grid_style\":\"content_overlaid\",\"hover_effect\":\"zoom\",\"post_title_overlay\":\"\",\"heading_tag\":\"default\",\"enable_gallery_lightbox\":\"0\",\"category_style\":\"underline\",\"overlay_secondary_project_image\":\"\",\"vertical_list_hover_effect\":\"none\",\"vertical_list_read_more\":\"\",\"read_more_button\":\"0\",\"animation\":\"none\"}' data-style='content_overlaid' data-query='{\"post_type\":\"post\",\"posts_per_page\":\"-1\",\"order\":\"DESC\",\"orderby\":\"date\",\"offset\":\"0\",\"cpt_name\":\"post\",\"custom_query_tax\":\"\",\"ignore_sticky_posts\":\"\"}' data-load-more-color='black' data-load-more-text='Load More'><div class=\"nectar-post-grid-filters\" data-active-color=\"default\" data-align=\"default\" data-animation=\"none\" data-sortable=\"\"><h4>Filter<\/h4><div><a href=\"#\" class=\"active all-filter\" data-total-count=\"0\" data-filter=\"-1\">All<\/a><\/div><\/div><div class=\"nectar-post-grid text-opacity-1 text-opacity-hover-1 category-position-before-title\" data-indicator=\"\" data-indicator-style=\"default\" data-indicator-text-color=\"#fff\" data-indicator-color=\"#000\" data-indicator-text=\"View\" data-columns=\"4\" data-hover-effect=\"zoom\" data-text-style=\"default\" data-border-radius=\"none\" data-grid-item-height=\"30vh\" data-grid-spacing=\"none\" data-text-layout=\"all_top_left\" data-text-color=\"light\" data-text-hover-color=\"light\" data-shadow-hover=\"\" data-animation=\"none\" data-animation-stagger=\"90\" data-cat-click=\"default\" ><\/div><\/div>\n\t\t\t<\/div> \n\t\t<\/div>\n\t<\/div> \n\n\t<div style=\"margin-top: 5%; \" class=\"vc_col-sm-6 wpb_column column_container vc_column_container col padding-10-percent inherit_tablet inherit_phone\"  data-padding-pos=\"left\" data-has-bg-color=\"false\" data-bg-color=\"\" data-bg-opacity=\"1\" data-animation=\"\" data-delay=\"0\" >\n\t\t<div class=\"vc_column-inner\" >\n\t\t\t<div class=\"wpb_wrapper\">\n\t\t\t\t<h2 style=\"text-align: left;font-family:Dancing Script;font-weight:400;font-style:normal\" class=\"vc_custom_heading\" >Strong &amp; Stylish Women<\/h2>\n<div class=\"wpb_text_column wpb_content_element\" >\n\t<div class=\"wpb_wrapper\">\n\t\t<h3><\/h3>\n<div class=\"x6prxxf x1fc57z9 x1yc453h x126k92a xzsf02u\" dir=\"auto\" style=\"text-align: left;\" role=\"none\">Invito Haute Couture\u2019un \u201cG\u00fc\u00e7l\u00fc ve \u015e\u0131k Kad\u0131n\u2019\u0131\u201d vurgulayan tasar\u0131mlar\u0131, iddial\u0131, enerjik ve canl\u0131 stili, kalitesi, alternatif beden tasar\u0131mlar\u0131, yo\u011fun el i\u015f\u00e7ili\u011fi ve s\u0131ra d\u0131\u015f\u0131 materyaller kullan\u0131larak haz\u0131rlanan abiye koleksiyonu, markam\u0131z\u0131 farkl\u0131la\u015ft\u0131ran \u00f6nemli \u00f6zelliklerdir. Bu unsurlar, Invito Haute Couture\u2019u benzersiz ve \u00e7arp\u0131c\u0131 tasar\u0131mlar\u0131yla \u00f6ne \u00e7\u0131kan abiye k\u0131yafetleri konusundaki ayr\u0131cal\u0131\u011f\u0131n\u0131 yans\u0131tmaktad\u0131r.<\/div>\n<div dir=\"auto\" role=\"none\"><\/div>\n<div class=\"x6prxxf x1fc57z9 x1yc453h x126k92a xzsf02u\" dir=\"auto\" style=\"text-align: left;\" role=\"none\">Firmam\u0131z, sekt\u00f6re \u00f6zg\u00fc sat\u0131\u015f g\u00fcc\u00fc ve h\u0131zl\u0131 tedarik sistemi ile global trendleri pazara an\u0131nda sunma kabiliyetine sahiptir. Temel felsefemiz, do\u011fru \u00fcr\u00fcn\u00fc do\u011fru zamanda, do\u011fru fiyatla sunmakt\u0131r. Firmam\u0131z, abiye koleksiyonumuzdaki \u00f6zel detaylar, kalite standartlar\u0131 ve \u00e7e\u015fitlilikle m\u00fc\u015fteri memnuniyetini \u00f6n planda tutarak, moda d\u00fcnyas\u0131ndaki rekabet\u00e7i ortam\u0131nda Invito Haute Couture\u2019u tercih etme sebeplerinden sadece birka\u00e7\u0131d\u0131r\u2026<\/div>\n<p style=\"text-align: left;\"><em>\u0130lham verici tasar\u0131mlar\u0131m\u0131zla;<\/em><em>sizleri \u00f6zel anlar\u0131n\u0131zda daha da parlak k\u0131lmak Invito Haute Couture i\u00e7in bir ayr\u0131cal\u0131kt\u0131r&#8230;<\/em><\/p>\n<p style=\"text-align: center;\"><em>\u00a0<img loading=\"lazy\" decoding=\"async\" class=\"alignnone wp-image-1555 size-medium\" src=\"https:\/\/cdn.clicospace.com\/clico\/clients\/invito\/images\/2025\/01\/13130137\/2509-3-283x300.jpg\" alt=\"\" width=\"283\" height=\"300\" srcset=\"https:\/\/cdn.clicospace.com\/clico\/clients\/invito\/images\/2025\/01\/13130137\/2509-3-283x300.jpg 283w, https:\/\/cdn.clicospace.com\/clico\/clients\/invito\/images\/2025\/01\/13130137\/2509-3-966x1024.jpg 966w, https:\/\/cdn.clicospace.com\/clico\/clients\/invito\/images\/2025\/01\/13130137\/2509-3-768x814.jpg 768w, https:\/\/cdn.clicospace.com\/clico\/clients\/invito\/images\/2025\/01\/13130137\/2509-3-1449x1536.jpg 1449w, https:\/\/cdn.clicospace.com\/clico\/clients\/invito\/images\/2025\/01\/13130137\/2509-3-11x12.jpg 11w, https:\/\/cdn.clicospace.com\/clico\/clients\/invito\/images\/2025\/01\/13130137\/2509-3-500x530.jpg 500w, https:\/\/cdn.clicospace.com\/clico\/clients\/invito\/images\/2025\/01\/13130137\/2509-3-300x318.jpg 300w, https:\/\/cdn.clicospace.com\/clico\/clients\/invito\/images\/2025\/01\/13130137\/2509-3-600x636.jpg 600w, https:\/\/cdn.clicospace.com\/clico\/clients\/invito\/images\/2025\/01\/13130137\/2509-3.jpg 1598w\" sizes=\"auto, (max-width: 283px) 100vw, 283px\" \/><\/em><\/p>\n\t<\/div>\n<\/div>\n\n\n\n\n\t\t\t<\/div> \n\t\t<\/div>\n\t<\/div> \n<\/div><\/div>\n\t\t<div id=\"fws_69d9f3d80f838\"  data-column-margin=\"default\" data-midnight=\"dark\"  class=\"wpb_row vc_row-fluid vc_row full-width-section vc_row-o-equal-height vc_row-flex vc_row-o-content-middle parallax_section\"  style=\"padding-top: 30px; padding-bottom: 30px; \"><div class=\"row-bg-wrap\" data-bg-animation=\"none\" data-bg-animation-delay=\"\" data-bg-overlay=\"true\"><div class=\"inner-wrap row-bg-layer using-image\" ><div class=\"row-bg viewport-desktop using-image\" data-parallax-speed=\"slow\" style=\"background-image: url(https:\/\/cdn.clicospace.com\/clico\/clients\/invito\/images\/2025\/01\/13130334\/2531-2-scaled.jpg); background-position: center center; background-repeat: no-repeat; \"><\/div><\/div><div class=\"row-bg-overlay row-bg-layer\" style=\"background-color:#0a0a0a;  opacity: 0.5; \"><\/div><\/div><div class=\"row_col_wrap_12 col span_12 dark center\">\n\t<div  class=\"vc_col-sm-3 wpb_column column_container vc_column_container col padding-10-percent inherit_tablet inherit_phone\"  data-padding-pos=\"all\" data-has-bg-color=\"false\" data-bg-color=\"\" data-bg-opacity=\"1\" data-animation=\"\" data-delay=\"0\" >\n\t\t<div class=\"vc_column-inner\" >\n\t\t\t<div class=\"wpb_wrapper\">\n\t\t\t\t\n\t\t\t<\/div> \n\t\t<\/div>\n\t<\/div> \n\n\t<div  class=\"vc_col-sm-6 wpb_column column_container vc_column_container col centered-text no-extra-padding force-tablet-text-align-center force-phone-text-align-center inherit_tablet inherit_phone\"  data-padding-pos=\"all\" data-has-bg-color=\"false\" data-bg-color=\"\" data-bg-opacity=\"1\" data-animation=\"\" data-delay=\"0\" >\n\t\t<div class=\"vc_column-inner\" >\n\t\t\t<div class=\"wpb_wrapper\">\n\t\t\t\t<div class=\"nectar-highlighted-text\" data-style=\"half_text\" data-exp=\"default\" data-using-custom-color=\"true\" data-animation-delay=\"false\" data-color=\"#fbf6f3\" data-color-gradient=\"\" style=\"\"><\/div>\n\t\t\t<\/div> \n\t\t<\/div>\n\t<\/div> \n\n\t<div  class=\"vc_col-sm-3 wpb_column column_container vc_column_container col no-extra-padding inherit_tablet inherit_phone\"  data-padding-pos=\"all\" data-has-bg-color=\"false\" data-bg-color=\"\" data-bg-opacity=\"1\" data-animation=\"\" data-delay=\"0\" >\n\t\t<div class=\"vc_column-inner\" >\n\t\t\t<div class=\"wpb_wrapper\">\n\t\t\t\t\n\t\t\t<\/div> \n\t\t<\/div>\n\t<\/div> \n<\/div><\/div>\n\t\t<div id=\"fws_69d9f3d81089c\"  data-column-margin=\"default\" data-midnight=\"dark\" data-top-percent=\"2%\" data-bottom-percent=\"2%\"  class=\"wpb_row vc_row-fluid vc_row\"  style=\"padding-top: calc(100vw * 0.02); padding-bottom: calc(100vw * 0.02); \"><div class=\"row-bg-wrap\" data-bg-animation=\"none\" data-bg-animation-delay=\"\" data-bg-overlay=\"false\"><div class=\"inner-wrap row-bg-layer\" ><div class=\"row-bg viewport-desktop\"  style=\"\"><\/div><\/div><\/div><div class=\"row_col_wrap_12 col span_12 dark left\">\n\t<div  class=\"vc_col-sm-12 wpb_column column_container vc_column_container col no-extra-padding inherit_tablet inherit_phone\"  data-padding-pos=\"all\" data-has-bg-color=\"false\" data-bg-color=\"\" data-bg-opacity=\"1\" data-animation=\"\" data-delay=\"0\" >\n\t\t<div class=\"vc_column-inner\" >\n\t\t\t<div class=\"wpb_wrapper\">\n\t\t\t\t<div class=\"nectar-highlighted-text\" data-style=\"half_text\" data-exp=\"default\" data-using-custom-color=\"true\" data-animation-delay=\"false\" data-color=\"#fbf6f3\" data-color-gradient=\"\" style=\"\"><h2 style=\"text-align: center\">Bizi Takip Edin!<\/h2>\n<p style=\"text-align: center\"><a href=\"https:\/\/www.instagram.com\/invito.tr\/\">https:\/\/www.instagram.com\/invito.tr\/<\/a><\/p>\n<\/div>\n\t\t\t<\/div> \n\t\t<\/div>\n\t<\/div> \n<\/div><\/div>","protected":false},"excerpt":{"rendered":"https:\/\/www.youtube.com\/watch?v=6PETRRuCv7M YEN\u0130 KOLEKS\u0130YONKAPADOKYADaha Fazla Ke\u015ffet FilterAll G\u00fc\u00e7l\u00fc ve \u015f\u0131k kad\u0131n! Invito Haute Couture\u2019un \u201cG\u00fc\u00e7l\u00fc ve \u015e\u0131k Kad\u0131n\u2019\u0131\u201d vurgulayan tasar\u0131mlar\u0131, iddial\u0131, enerjik ve canl\u0131 stili, kalitesi, alternatif beden tasar\u0131mlar\u0131, yo\u011fun el...","protected":false},"author":92,"featured_media":0,"parent":0,"menu_order":0,"comment_status":"closed","ping_status":"closed","template":"","meta":{"footnotes":""},"class_list":["post-811","page","type-page","status-publish"],"jetpack_sharing_enabled":true,"_links":{"self":[{"href":"https:\/\/invito.co\/tr_en\/wp-json\/wp\/v2\/pages\/811","targetHints":{"allow":["GET"]}}],"collection":[{"href":"https:\/\/invito.co\/tr_en\/wp-json\/wp\/v2\/pages"}],"about":[{"href":"https:\/\/invito.co\/tr_en\/wp-json\/wp\/v2\/types\/page"}],"author":[{"embeddable":true,"href":"https:\/\/invito.co\/tr_en\/wp-json\/wp\/v2\/users\/92"}],"replies":[{"embeddable":true,"href":"https:\/\/invito.co\/tr_en\/wp-json\/wp\/v2\/comments?post=811"}],"version-history":[{"count":15,"href":"https:\/\/invito.co\/tr_en\/wp-json\/wp\/v2\/pages\/811\/revisions"}],"predecessor-version":[{"id":1621,"href":"https:\/\/invito.co\/tr_en\/wp-json\/wp\/v2\/pages\/811\/revisions\/1621"}],"wp:attachment":[{"href":"https:\/\/invito.co\/tr_en\/wp-json\/wp\/v2\/media?parent=811"}],"curies":[{"name":"wp","href":"https:\/\/api.w.org\/{rel}","templated":true}]}}