{"id":431,"date":"2020-01-17T18:56:37","date_gmt":"2020-01-17T18:56:37","guid":{"rendered":"https:\/\/invito.co\/?page_id=431"},"modified":"2026-01-19T16:07:36","modified_gmt":"2026-01-19T16:07:36","slug":"magazalarimiz","status":"publish","type":"page","link":"https:\/\/invito.co\/tr_en\/magazalarimiz\/","title":{"rendered":"Stores"},"content":{"rendered":"<div id=\"fws_69da07ae0a371\"  data-column-margin=\"default\" data-midnight=\"dark\"  class=\"wpb_row vc_row-fluid vc_row\"  style=\"padding-top: 40px; padding-bottom: 0px; \"><div class=\"row-bg-wrap\" data-bg-animation=\"none\" data-bg-animation-delay=\"\" data-bg-overlay=\"false\"><div class=\"inner-wrap row-bg-layer\" ><div class=\"row-bg viewport-desktop\"  style=\"\"><\/div><\/div><\/div><div class=\"row_col_wrap_12 col span_12 dark left\">\n\t<div  class=\"vc_col-sm-6 wpb_column column_container vc_column_container col padding-2-percent inherit_tablet inherit_phone\"  data-padding-pos=\"all\" data-has-bg-color=\"false\" data-bg-color=\"\" data-bg-opacity=\"1\" data-animation=\"\" data-delay=\"0\" >\n\t\t<div class=\"vc_column-inner\" >\n\t\t\t<div class=\"wpb_wrapper\">\n\t\t\t\t\n<div class=\"wpb_text_column wpb_content_element\" >\n\t<div class=\"wpb_wrapper\">\n\t\t<h3>Fabrika<\/h3>\n<p>Merkez Mahallesi G\u00fcven\u00e7 Sokak No:32\/A Bomonti, \u015ei\u015fli \u2013 \u0130stanbul<\/p>\n<p><i class=\"fa fa-phone\"><\/i>\u00a0+90 (212) 291 42 35 \u00a0\u00a0<i class=\"fa fa-fax\"><\/i>\u00a0+90 (212) 291 42 37<\/p>\n<h3>Osmanbey Ma\u011faza<\/h3>\n<p>Me\u015frutiyet Mah.\u015eair Nigar Sok.53-55\/2 \u015ei\u015fli &#8211; \u0130stanbul<\/p>\n<p><i class=\"fa fa-phone\"><\/i>+90 (212) 234 67 23-24<\/p>\n\t<\/div>\n<\/div>\n\n\n\n\n\t\t\t<\/div> \n\t\t<\/div>\n\t<\/div> \n\n\t<div  class=\"vc_col-sm-6 wpb_column column_container vc_column_container col padding-2-percent inherit_tablet inherit_phone\"  data-padding-pos=\"all\" data-has-bg-color=\"false\" data-bg-color=\"\" data-bg-opacity=\"1\" data-animation=\"\" data-delay=\"0\" >\n\t\t<div class=\"vc_column-inner\" >\n\t\t\t<div class=\"wpb_wrapper\">\n\t\t\t\t<div class=\"img-with-aniamtion-wrap center\" data-max-width=\"100%\" data-max-width-mobile=\"default\" data-shadow=\"none\" data-animation=\"fade-in\" >\n      <div class=\"inner\">\n        <div class=\"hover-wrap\"> \n          <div class=\"hover-wrap-inner\">\n            <img loading=\"lazy\" decoding=\"async\" class=\"img-with-animation skip-lazy\" data-delay=\"0\" height=\"2560\" width=\"1633\" data-animation=\"fade-in\" src=\"https:\/\/cdn.clicospace.com\/clico\/clients\/invito\/images\/2024\/02\/06072503\/IMG_2097-scaled.jpg\" alt=\"\" srcset=\"https:\/\/cdn.clicospace.com\/clico\/clients\/invito\/images\/2024\/02\/06072503\/IMG_2097-scaled.jpg 1633w, https:\/\/cdn.clicospace.com\/clico\/clients\/invito\/images\/2024\/02\/06072503\/IMG_2097-191x300.jpg 191w, https:\/\/cdn.clicospace.com\/clico\/clients\/invito\/images\/2024\/02\/06072503\/IMG_2097-653x1024.jpg 653w, https:\/\/cdn.clicospace.com\/clico\/clients\/invito\/images\/2024\/02\/06072503\/IMG_2097-768x1204.jpg 768w, https:\/\/cdn.clicospace.com\/clico\/clients\/invito\/images\/2024\/02\/06072503\/IMG_2097-980x1536.jpg 980w, https:\/\/cdn.clicospace.com\/clico\/clients\/invito\/images\/2024\/02\/06072503\/IMG_2097-1306x2048.jpg 1306w, https:\/\/cdn.clicospace.com\/clico\/clients\/invito\/images\/2024\/02\/06072503\/IMG_2097-8x12.jpg 8w, https:\/\/cdn.clicospace.com\/clico\/clients\/invito\/images\/2024\/02\/06072503\/IMG_2097-500x784.jpg 500w\" sizes=\"auto, (max-width: 1633px) 100vw, 1633px\" \/>\n          <\/div>\n        <\/div>\n      <\/div>\n    <\/div>\n\t\t\t<\/div> \n\t\t<\/div>\n\t<\/div> \n<\/div><\/div>","protected":false},"excerpt":{"rendered":"Fabrika Merkez Mahallesi G\u00fcven\u00e7 Sokak No:32\/A Bomonti, \u015ei\u015fli \u2013 \u0130stanbul \u00a0+90 (212) 291 42 35 \u00a0\u00a0\u00a0+90 (212) 291 42 37 Osmanbey Ma\u011faza Me\u015frutiyet Mah.\u015eair Nigar Sok.53-55\/2 \u015ei\u015fli - \u0130stanbul +90...","protected":false},"author":1,"featured_media":0,"parent":0,"menu_order":0,"comment_status":"closed","ping_status":"closed","template":"","meta":{"footnotes":""},"class_list":["post-431","page","type-page","status-publish"],"jetpack_sharing_enabled":true,"_links":{"self":[{"href":"https:\/\/invito.co\/tr_en\/wp-json\/wp\/v2\/pages\/431","targetHints":{"allow":["GET"]}}],"collection":[{"href":"https:\/\/invito.co\/tr_en\/wp-json\/wp\/v2\/pages"}],"about":[{"href":"https:\/\/invito.co\/tr_en\/wp-json\/wp\/v2\/types\/page"}],"author":[{"embeddable":true,"href":"https:\/\/invito.co\/tr_en\/wp-json\/wp\/v2\/users\/1"}],"replies":[{"embeddable":true,"href":"https:\/\/invito.co\/tr_en\/wp-json\/wp\/v2\/comments?post=431"}],"version-history":[{"count":4,"href":"https:\/\/invito.co\/tr_en\/wp-json\/wp\/v2\/pages\/431\/revisions"}],"predecessor-version":[{"id":1641,"href":"https:\/\/invito.co\/tr_en\/wp-json\/wp\/v2\/pages\/431\/revisions\/1641"}],"wp:attachment":[{"href":"https:\/\/invito.co\/tr_en\/wp-json\/wp\/v2\/media?parent=431"}],"curies":[{"name":"wp","href":"https:\/\/api.w.org\/{rel}","templated":true}]}}