{"id":23,"date":"2019-11-21T18:58:09","date_gmt":"2019-11-21T18:58:09","guid":{"rendered":"http:\/\/www.emiliarinzi.com\/?page_id=23"},"modified":"2025-01-29T11:50:04","modified_gmt":"2025-01-29T11:50:04","slug":"hakkimizda","status":"publish","type":"page","link":"https:\/\/invito.co\/tr_en\/hakkimizda\/","title":{"rendered":"About Us"},"content":{"rendered":"<div id=\"fws_69da1e591ce3a\"  data-column-margin=\"default\" data-midnight=\"dark\" data-bottom-percent=\"10%\"  class=\"wpb_row vc_row-fluid vc_row full-width-section\"  style=\"padding-top: 0px; padding-bottom: calc(100vw * 0.10); \"><div class=\"row-bg-wrap\" data-bg-animation=\"none\" data-bg-animation-delay=\"\" data-bg-overlay=\"false\"><div class=\"inner-wrap row-bg-layer\" ><div class=\"row-bg viewport-desktop\"  style=\"\"><\/div><\/div><\/div><div class=\"row_col_wrap_12 col span_12 dark left\">\n\t<div  class=\"vc_col-sm-6 wpb_column column_container vc_column_container col padding-2-percent inherit_tablet inherit_phone\"  data-padding-pos=\"all\" data-has-bg-color=\"false\" data-bg-color=\"\" data-bg-opacity=\"1\" data-animation=\"\" data-delay=\"0\" >\n\t\t<div class=\"vc_column-inner\" >\n\t\t\t<div class=\"wpb_wrapper\">\n\t\t\t\t<div class=\"nectar_cascading_images\" data-border-radius=\"none\" data-parallax=\"\" data-parallax-intensity=\"subtle\" data-animation-timing=\"175\"><div class=\"cascading-image\" data-has-img=\"true\" style=\" padding:26%;\" data-max-width=\"100%\" data-max-width-mobile=\"100%\" data-animation=\"grow-in\" data-shadow=\"none\"><div class=\"inner-wrap\"><div class=\"bg-layer\" data-scale=\"1\" style=\"transform: scale(1)\"><div style=\" -webkit-transform:translateX(0%) translateY(-30%) ; transform:translateX(0%) translateY(-30%) ;\" class=\"img-wrap\"> <img loading=\"lazy\" decoding=\"async\" src=\"https:\/\/cdn.clicospace.com\/clico\/clients\/invito\/images\/2025\/01\/13131140\/2557-3.jpg\" srcset=\"https:\/\/cdn.clicospace.com\/clico\/clients\/invito\/images\/2025\/01\/13131140\/2557-3.jpg 1419w, https:\/\/cdn.clicospace.com\/clico\/clients\/invito\/images\/2025\/01\/13131140\/2557-3-202x300.jpg 202w, https:\/\/cdn.clicospace.com\/clico\/clients\/invito\/images\/2025\/01\/13131140\/2557-3-690x1024.jpg 690w, https:\/\/cdn.clicospace.com\/clico\/clients\/invito\/images\/2025\/01\/13131140\/2557-3-768x1140.jpg 768w, https:\/\/cdn.clicospace.com\/clico\/clients\/invito\/images\/2025\/01\/13131140\/2557-3-1035x1536.jpg 1035w, https:\/\/cdn.clicospace.com\/clico\/clients\/invito\/images\/2025\/01\/13131140\/2557-3-1380x2048.jpg 1380w, https:\/\/cdn.clicospace.com\/clico\/clients\/invito\/images\/2025\/01\/13131140\/2557-3-8x12.jpg 8w, https:\/\/cdn.clicospace.com\/clico\/clients\/invito\/images\/2025\/01\/13131140\/2557-3-500x742.jpg 500w, https:\/\/cdn.clicospace.com\/clico\/clients\/invito\/images\/2025\/01\/13131140\/2557-3-300x445.jpg 300w, https:\/\/cdn.clicospace.com\/clico\/clients\/invito\/images\/2025\/01\/13131140\/2557-3-600x890.jpg 600w\" sizes=\"auto, (min-width: 1000px) 45vw, 100vw\" height=\"2106\" width=\"1419\" class=\"skip-lazy\" alt=\"\" \/> <\/div><\/div><\/div><\/div><div class=\"cascading-image\" data-has-img=\"true\" style=\" padding:26%;\" data-max-width=\"100%\" data-max-width-mobile=\"100%\" data-animation=\"grow-in\" data-shadow=\"none\"><div class=\"inner-wrap\"><div class=\"bg-layer\" data-scale=\"1\" style=\"transform: scale(1)\"><div style=\" -webkit-transform:translateX(50%) translateY(35%) ; transform:translateX(50%) translateY(35%) ;\" class=\"img-wrap\"> <img loading=\"lazy\" decoding=\"async\" src=\"https:\/\/cdn.clicospace.com\/clico\/clients\/invito\/images\/2025\/01\/13131204\/2578.jpg\" srcset=\"https:\/\/cdn.clicospace.com\/clico\/clients\/invito\/images\/2025\/01\/13131204\/2578.jpg 1352w, https:\/\/cdn.clicospace.com\/clico\/clients\/invito\/images\/2025\/01\/13131204\/2578-200x300.jpg 200w, https:\/\/cdn.clicospace.com\/clico\/clients\/invito\/images\/2025\/01\/13131204\/2578-682x1024.jpg 682w, https:\/\/cdn.clicospace.com\/clico\/clients\/invito\/images\/2025\/01\/13131204\/2578-768x1153.jpg 768w, https:\/\/cdn.clicospace.com\/clico\/clients\/invito\/images\/2025\/01\/13131204\/2578-1023x1536.jpg 1023w, https:\/\/cdn.clicospace.com\/clico\/clients\/invito\/images\/2025\/01\/13131204\/2578-8x12.jpg 8w, https:\/\/cdn.clicospace.com\/clico\/clients\/invito\/images\/2025\/01\/13131204\/2578-500x751.jpg 500w, https:\/\/cdn.clicospace.com\/clico\/clients\/invito\/images\/2025\/01\/13131204\/2578-300x450.jpg 300w, https:\/\/cdn.clicospace.com\/clico\/clients\/invito\/images\/2025\/01\/13131204\/2578-600x901.jpg 600w\" sizes=\"auto, (min-width: 1000px) 45vw, 100vw\" height=\"2030\" width=\"1352\" class=\"skip-lazy\" alt=\"\" \/> <\/div><\/div><\/div><\/div><div class=\"cascading-image\" data-has-img=\"true\" style=\" padding:26%;\" data-max-width=\"100%\" data-max-width-mobile=\"100%\" data-animation=\"grow-in\" data-shadow=\"x_large_depth\"><div class=\"inner-wrap\"><div class=\"bg-layer\" data-scale=\"1\" style=\"transform: scale(1)\"><div style=\" -webkit-transform:translateX(-35%) translateY(60%) ; transform:translateX(-35%) translateY(60%) ;\" class=\"img-wrap\"> <img loading=\"lazy\" decoding=\"async\" src=\"https:\/\/cdn.clicospace.com\/clico\/clients\/invito\/images\/2025\/01\/13131227\/2570-scaled.jpg\" srcset=\"https:\/\/cdn.clicospace.com\/clico\/clients\/invito\/images\/2025\/01\/13131227\/2570-scaled.jpg 1706w, https:\/\/cdn.clicospace.com\/clico\/clients\/invito\/images\/2025\/01\/13131227\/2570-200x300.jpg 200w, https:\/\/cdn.clicospace.com\/clico\/clients\/invito\/images\/2025\/01\/13131227\/2570-682x1024.jpg 682w, https:\/\/cdn.clicospace.com\/clico\/clients\/invito\/images\/2025\/01\/13131227\/2570-768x1152.jpg 768w, https:\/\/cdn.clicospace.com\/clico\/clients\/invito\/images\/2025\/01\/13131227\/2570-1024x1536.jpg 1024w, https:\/\/cdn.clicospace.com\/clico\/clients\/invito\/images\/2025\/01\/13131227\/2570-1365x2048.jpg 1365w, https:\/\/cdn.clicospace.com\/clico\/clients\/invito\/images\/2025\/01\/13131227\/2570-8x12.jpg 8w, https:\/\/cdn.clicospace.com\/clico\/clients\/invito\/images\/2025\/01\/13131227\/2570-500x750.jpg 500w, https:\/\/cdn.clicospace.com\/clico\/clients\/invito\/images\/2025\/01\/13131227\/2570-300x450.jpg 300w, https:\/\/cdn.clicospace.com\/clico\/clients\/invito\/images\/2025\/01\/13131227\/2570-600x900.jpg 600w\" sizes=\"auto, (min-width: 1000px) 45vw, 100vw\" height=\"2560\" width=\"1706\" class=\"skip-lazy\" alt=\"\" \/> <\/div><\/div><\/div><\/div><\/div>\n\t\t\t<\/div> \n\t\t<\/div>\n\t<\/div> \n\n\t<div style=\"margin-top: 5%; \" class=\"vc_col-sm-6 wpb_column column_container vc_column_container col padding-10-percent inherit_tablet inherit_phone\"  data-padding-pos=\"left\" data-has-bg-color=\"false\" data-bg-color=\"\" data-bg-opacity=\"1\" data-animation=\"\" data-delay=\"0\" >\n\t\t<div class=\"vc_column-inner\" >\n\t\t\t<div class=\"wpb_wrapper\">\n\t\t\t\t<h2 style=\"text-align: left;font-family:Dancing Script;font-weight:400;font-style:normal\" class=\"vc_custom_heading\" >Strong &amp; Stylish Women<\/h2>\n<div class=\"wpb_text_column wpb_content_element\" >\n\t<div class=\"wpb_wrapper\">\n\t\t<h3>Invito Haute Couture olarak; markam\u0131zla olu\u015fturdu\u011fumuz marka kimli\u011fi ve de\u011feri ile Yurti\u00e7i ve Yurtd\u0131\u015f\u0131 sat\u0131\u015f noktalar\u0131m\u0131zda m\u00fc\u015fterilerimizle bulu\u015fmaktay\u0131z. Yurtd\u0131\u015f\u0131nda ki yayg\u0131n sat\u0131\u015f noktalar\u0131m\u0131zda, kendine \u00f6zg\u00fcn tasar\u0131mlar, moday\u0131 yans\u0131tan \u00fcr\u00fcnleri, deneyimli \u00fcretim ve sat\u0131\u015f ekibimiz ile m\u00fc\u015fterilerimizin beklentilerini en \u00fcst seviyede kar\u015f\u0131lamaktay\u0131z.<\/h3>\n<p>Invito Haute Couture\u2019un \u201cG\u00fc\u00e7l\u00fc ve \u015e\u0131k Kad\u0131n\u2019\u0131\u201d vurgulayan tasar\u0131mlar\u0131, iddial\u0131, enerjik ve canl\u0131 stili, kalitesi, alternatif beden tasar\u0131mlar\u0131, yo\u011fun el i\u015f\u00e7ili\u011fi ve s\u0131ra d\u0131\u015f\u0131 materyaller kullan\u0131larak haz\u0131rlanan abiye koleksiyonu, markam\u0131z\u0131 farkl\u0131la\u015ft\u0131ran \u00f6nemli \u00f6zelliklerdir. Bu unsurlar, Invito Haute Couture\u2019u benzersiz ve \u00e7arp\u0131c\u0131 tasar\u0131mlar\u0131yla \u00f6ne \u00e7\u0131kan abiye k\u0131yafetleri konusundaki ayr\u0131cal\u0131\u011f\u0131n\u0131 yans\u0131tmaktad\u0131r.<\/p>\n<p>Firmam\u0131z, sekt\u00f6re \u00f6zg\u00fc sat\u0131\u015f g\u00fcc\u00fc ve h\u0131zl\u0131 tedarik sistemi ile global trendleri pazara an\u0131nda sunma kabiliyetine sahiptir. Temel felsefemiz, do\u011fru \u00fcr\u00fcn\u00fc do\u011fru zamanda, do\u011fru fiyatla sunmakt\u0131r. Firmam\u0131z, abiye koleksiyonumuzdaki \u00f6zel detaylar, kalite standartlar\u0131 ve \u00e7e\u015fitlilikle m\u00fc\u015fteri memnuniyetini \u00f6n planda tutarak, moda d\u00fcnyas\u0131ndaki rekabet\u00e7i ortam\u0131nda Invito Haute Couture\u2019u tercih etme sebeplerinden sadece birka\u00e7\u0131d\u0131r\u2026<\/p>\n<p><em>\u0130lham verici tasar\u0131mlar\u0131m\u0131zla sizleri \u00f6zel anlar\u0131n\u0131zda daha da parlak k\u0131lmak, Invito Haute Couture i\u00e7in bir ayr\u0131cal\u0131kt\u0131r.<\/em><\/p>\n\t<\/div>\n<\/div>\n\n\n\n\n<div class=\"wpb_text_column wpb_content_element\" >\n\t<div class=\"wpb_wrapper\">\n\t\t\t<\/div>\n<\/div>\n\n\n\n\n\t\t\t<\/div> \n\t\t<\/div>\n\t<\/div> \n<\/div><\/div>","protected":false},"excerpt":{"rendered":"G\u00fc\u00e7l\u00fc ve \u015f\u0131k kad\u0131n! Invito Haute Couture olarak; markam\u0131zla olu\u015fturdu\u011fumuz marka kimli\u011fi ve de\u011feri ile Yurti\u00e7i ve Yurtd\u0131\u015f\u0131 sat\u0131\u015f noktalar\u0131m\u0131zda m\u00fc\u015fterilerimizle bulu\u015fmaktay\u0131z. Yurtd\u0131\u015f\u0131nda ki yayg\u0131n sat\u0131\u015f noktalar\u0131m\u0131zda, kendine \u00f6zg\u00fcn tasar\u0131mlar,...","protected":false},"author":1,"featured_media":0,"parent":0,"menu_order":0,"comment_status":"closed","ping_status":"closed","template":"","meta":{"footnotes":""},"class_list":["post-23","page","type-page","status-publish"],"jetpack_sharing_enabled":true,"_links":{"self":[{"href":"https:\/\/invito.co\/tr_en\/wp-json\/wp\/v2\/pages\/23","targetHints":{"allow":["GET"]}}],"collection":[{"href":"https:\/\/invito.co\/tr_en\/wp-json\/wp\/v2\/pages"}],"about":[{"href":"https:\/\/invito.co\/tr_en\/wp-json\/wp\/v2\/types\/page"}],"author":[{"embeddable":true,"href":"https:\/\/invito.co\/tr_en\/wp-json\/wp\/v2\/users\/1"}],"replies":[{"embeddable":true,"href":"https:\/\/invito.co\/tr_en\/wp-json\/wp\/v2\/comments?post=23"}],"version-history":[{"count":9,"href":"https:\/\/invito.co\/tr_en\/wp-json\/wp\/v2\/pages\/23\/revisions"}],"predecessor-version":[{"id":1625,"href":"https:\/\/invito.co\/tr_en\/wp-json\/wp\/v2\/pages\/23\/revisions\/1625"}],"wp:attachment":[{"href":"https:\/\/invito.co\/tr_en\/wp-json\/wp\/v2\/media?parent=23"}],"curies":[{"name":"wp","href":"https:\/\/api.w.org\/{rel}","templated":true}]}}