{"id":179,"date":"2019-11-22T19:03:14","date_gmt":"2019-11-22T19:03:14","guid":{"rendered":"https:\/\/emiliarinzi.com\/?page_id=179"},"modified":"2025-01-29T11:52:32","modified_gmt":"2025-01-29T11:52:32","slug":"iletisim","status":"publish","type":"page","link":"https:\/\/invito.co\/tr_en\/iletisim\/","title":{"rendered":"Contact"},"content":{"rendered":"\n\t\t<div id=\"fws_69da07f6b8e38\"  data-column-margin=\"default\" data-midnight=\"dark\"  class=\"wpb_row vc_row-fluid vc_row\"  style=\"padding-top: 40px; padding-bottom: 0px; \"><div class=\"row-bg-wrap\" data-bg-animation=\"none\" data-bg-animation-delay=\"\" data-bg-overlay=\"false\"><div class=\"inner-wrap row-bg-layer\" ><div class=\"row-bg viewport-desktop\"  style=\"\"><\/div><\/div><\/div><div class=\"row_col_wrap_12 col span_12 dark left\">\n\t<div  class=\"vc_col-sm-6 wpb_column column_container vc_column_container col padding-2-percent inherit_tablet inherit_phone \"  data-padding-pos=\"all\" data-has-bg-color=\"false\" data-bg-color=\"\" data-bg-opacity=\"1\" data-animation=\"\" data-delay=\"0\" >\n\t\t<div class=\"vc_column-inner\" >\n\t\t\t<div class=\"wpb_wrapper\">\n\t\t\t\t\n<div class=\"wpb_text_column wpb_content_element \" >\n\t<div class=\"wpb_wrapper\">\n\t\t<p><strong>Telefon<\/strong><br \/>\nT. +90 (212) 291 42 35<br \/>\nF. +90 (212) 291 42 37<\/p>\n<p><b>Adres<br \/>\n<\/b>Fabrika<br \/>\nMerkez Mahallesi G\u00fcven\u00e7 Sokak No:9 Bomonti,<br \/>\n\u015ei\u015fli \u2013 \u0130stanbul<br \/>\nMa\u011faza<br \/>\nMe\u015frutiyet Mah.\u015eair Nigar Sok.53-55\/2<br \/>\n\u015ei\u015fli \u2013 \u0130stanbul<\/p>\n\t<\/div>\n<\/div>\n\n\n\n<a class=\"nectar-button medium regular accent-color  regular-button\"  role=\"button\" style=\"\" target=\"_blank\" href=\"#\" data-color-override=\"false\" data-hover-color-override=\"false\" data-hover-text-color-override=\"#fff\"><span>Yol Tarifi G\u00f6ster<\/span><\/a><div id=\"map_69da07f6b9a78\" style=\"height: 400px;\" class=\"nectar-leaflet-map\" data-infowindow-start-open=\"\" data-dark-color-scheme=\"\" data-marker-style=\"default\" data-nectar-marker-color=\"accent-color\" data-ultra-flat=\"\" data-greyscale=\"\" data-extra-color=\"\" data-enable-animation=\"false\" data-enable-zoom=\"\" data-zoom-level=\"1\" data-center-lat=\"41.0603379\" data-center-lng=\"28.9795079\" data-marker-img=\"\"><\/div><div class=\"map_69da07f6b9a78 map-marker-list\"><div class=\"map-marker\" data-marker-image-width=\"50\" data-marker-image-height=\"50\" data-lat=\"\" data-lng=\"\" data-mapinfo=\"\"><\/div><\/div>\n\t\t\t<\/div> \n\t\t<\/div>\n\t<\/div> \n\n\t<div  class=\"vc_col-sm-6 wpb_column column_container vc_column_container col padding-2-percent inherit_tablet inherit_phone \"  data-padding-pos=\"all\" data-has-bg-color=\"false\" data-bg-color=\"\" data-bg-opacity=\"1\" data-animation=\"\" data-delay=\"0\" >\n\t\t<div class=\"vc_column-inner\" >\n\t\t\t<div class=\"wpb_wrapper\">\n\t\t\t\t\n<div class=\"wpb_text_column wpb_content_element \" >\n\t<div class=\"wpb_wrapper\">\n\t\t<div id=\"quform-88f72a\" class=\"quform quform-3 quform-support-page-caching\"><form id=\"quform-form-88f72a\" class=\"quform-form quform-form-3\" action=\"\/tr_en\/wp-json\/wp\/v2\/pages\/179#quform-88f72a\" method=\"post\" enctype=\"multipart\/form-data\" novalidate=\"novalidate\" data-options=\"{&quot;id&quot;:3,&quot;uniqueId&quot;:&quot;88f72a&quot;,&quot;theme&quot;:&quot;&quot;,&quot;ajax&quot;:true,&quot;logic&quot;:{&quot;logic&quot;:[],&quot;dependents&quot;:[],&quot;elementIds&quot;:[],&quot;dependentElementIds&quot;:[],&quot;animate&quot;:true},&quot;currentPageId&quot;:1,&quot;errorsIcon&quot;:&quot;&quot;,&quot;updateFancybox&quot;:true,&quot;hasPages&quot;:false,&quot;pages&quot;:[1],&quot;pageProgressType&quot;:&quot;numbers&quot;,&quot;tooltipsEnabled&quot;:true,&quot;tooltipClasses&quot;:&quot;qtip-quform-dark qtip-shadow&quot;,&quot;tooltipMy&quot;:&quot;left center&quot;,&quot;tooltipAt&quot;:&quot;right center&quot;,&quot;scrollOffset&quot;:-50,&quot;scrollSpeed&quot;:800}\"><button class=\"quform-default-submit\" name=\"quform_submit\" type=\"submit\" value=\"submit\"><\/button><div class=\"quform-form-inner quform-form-inner-3\"><input type=\"hidden\" name=\"quform_form_id\" value=\"3\" \/><input type=\"hidden\" name=\"quform_form_uid\" value=\"88f72a\" \/><input type=\"hidden\" name=\"quform_count\" value=\"1\" \/><input type=\"hidden\" name=\"form_url\" value=\"https:\/\/invito.co\/tr_en\/wp-json\/wp\/v2\/pages\/179\" \/><input type=\"hidden\" name=\"referring_url\" value=\"\" \/><input type=\"hidden\" name=\"post_id\" value=\"\" \/><input type=\"hidden\" name=\"post_title\" value=\"\" \/><input type=\"hidden\" name=\"quform_current_page_id\" value=\"1\" \/><input type=\"hidden\" name=\"quform_csrf_token\" value=\"m2YBPFx1Hr47tpgJ5NBnFCXItGXC8XyH9ac8p9hY\" \/><div class=\"quform-elements quform-elements-3 quform-cf quform-responsive-elements-phone-landscape\"><div class=\"quform-element quform-element-page quform-page-1 quform-page-3_1 quform-cf quform-group-style-plain quform-first-page quform-last-page quform-current-page\"><div class=\"quform-child-elements\"><div class=\"quform-element quform-element-select quform-element-3_11 quform-cf quform-element-required\"><div class=\"quform-spacer\"><div class=\"quform-label quform-label-3_11\"><label class=\"quform-label-text\" for=\"quform_3_11_88f72a\">Konu Se\u00e7iniz<span class=\"quform-required\">*<\/span><\/label><\/div><div class=\"quform-inner quform-inner-select quform-inner-3_11\"><div class=\"quform-input quform-input-select quform-input-3_11 quform-cf\"><select id=\"quform_3_11_88f72a\" name=\"quform_3_11\" class=\"quform-field quform-field-select quform-field-3_11\"><option value=\"\" selected=\"selected\">Please select<\/option><option value=\"Sipari\u015f Talebi\">Sipari\u015f Talebi<\/option><option value=\"Bilgi Talebi\">Bilgi Talebi<\/option><option value=\"\u015eikayet ve \u00d6neri\">\u015eikayet ve \u00d6neri<\/option><option value=\"Di\u011fer Konular\">Di\u011fer Konular<\/option><\/select><\/div><\/div><\/div><\/div><div class=\"quform-element quform-element-name quform-element-3_4 quform-cf quform-element-optional\"><div class=\"quform-spacer\"><div class=\"quform-label quform-label-3_4\"><label class=\"quform-label-text\" id=\"quform_3_4_88f72a_label\">\u0130sim<\/label><\/div><div class=\"quform-inner quform-inner-name quform-inner-3_4\"><div class=\"quform-input quform-input-name quform-input-3_4 quform-cf\"><div class=\"quform-element-row quform-element-row-size-fixed quform-2-columns\"><div class=\"quform-element-column\"><div class=\"quform-element quform-element-text quform-element-3_4_2 quform-cf quform-element-optional\"><div class=\"quform-spacer\"><div class=\"quform-inner quform-inner-text quform-inner-3_4_2\"><div class=\"quform-input quform-input-text quform-input-3_4_2 quform-cf\"><input type=\"text\" id=\"quform_3_4_2_88f72a\" name=\"quform_3_4[2]\" class=\"quform-field quform-field-text quform-field-3_4_2\" aria-labelledby=\"quform_3_4_88f72a_label quform_3_4_2_88f72a_sub_label\" \/><\/div><label id=\"quform_3_4_2_88f72a_sub_label\" class=\"quform-sub-label\">Ad\u0131n\u0131z<\/label><\/div><\/div><\/div><\/div><div class=\"quform-element-column\"><div class=\"quform-element quform-element-text quform-element-3_4_4 quform-cf quform-element-optional\"><div class=\"quform-spacer\"><div class=\"quform-inner quform-inner-text quform-inner-3_4_4\"><div class=\"quform-input quform-input-text quform-input-3_4_4 quform-cf\"><input type=\"text\" id=\"quform_3_4_4_88f72a\" name=\"quform_3_4[4]\" class=\"quform-field quform-field-text quform-field-3_4_4\" aria-labelledby=\"quform_3_4_88f72a_label quform_3_4_4_88f72a_sub_label\" \/><\/div><label id=\"quform_3_4_4_88f72a_sub_label\" class=\"quform-sub-label\">Soyad\u0131n\u0131z<\/label><\/div><\/div><\/div><\/div><\/div><\/div><\/div><\/div><\/div><div class=\"quform-element quform-element-text quform-element-3_12 quform-cf quform-element-optional\"><div class=\"quform-spacer\"><div class=\"quform-label quform-label-3_12\"><label class=\"quform-label-text\" for=\"quform_3_12_88f72a\">Firma Bilgisi<\/label><\/div><div class=\"quform-inner quform-inner-text quform-inner-3_12\"><div class=\"quform-input quform-input-text quform-input-3_12 quform-cf\"><input type=\"text\" id=\"quform_3_12_88f72a\" name=\"quform_3_12\" class=\"quform-field quform-field-text quform-field-3_12\" \/><\/div><\/div><\/div><\/div><div class=\"quform-element quform-element-email quform-element-3_5 quform-cf quform-element-required\"><div class=\"quform-spacer\"><div class=\"quform-label quform-label-3_5\"><label class=\"quform-label-text\" for=\"quform_3_5_88f72a\">E-posta adresi<span class=\"quform-required\">*<\/span><\/label><\/div><div class=\"quform-inner quform-inner-email quform-inner-3_5\"><div class=\"quform-input quform-input-email quform-input-3_5 quform-cf\"><input type=\"email\" id=\"quform_3_5_88f72a\" name=\"quform_3_5\" class=\"quform-field quform-field-email quform-field-3_5\" \/><\/div><\/div><\/div><\/div><div class=\"quform-element quform-element-text quform-element-3_6 quform-cf quform-element-optional\"><div class=\"quform-spacer\"><div class=\"quform-label quform-label-3_6\"><label class=\"quform-label-text\" for=\"quform_3_6_88f72a\">Telefon<\/label><\/div><div class=\"quform-inner quform-inner-text quform-inner-3_6\"><div class=\"quform-input quform-input-text quform-input-3_6 quform-cf\"><input type=\"text\" id=\"quform_3_6_88f72a\" name=\"quform_3_6\" class=\"quform-field quform-field-text quform-field-3_6\" \/><\/div><\/div><\/div><\/div><div class=\"quform-element quform-element-textarea quform-element-3_8 quform-cf quform-element-required\"><div class=\"quform-spacer\"><div class=\"quform-label quform-label-3_8\"><label class=\"quform-label-text\" for=\"quform_3_8_88f72a\">Mesaj\u0131n\u0131z<span class=\"quform-required\">*<\/span><\/label><\/div><div class=\"quform-inner quform-inner-textarea quform-inner-3_8\"><div class=\"quform-input quform-input-textarea quform-input-3_8 quform-cf\"><textarea id=\"quform_3_8_88f72a\" name=\"quform_3_8\" class=\"quform-field quform-field-textarea quform-field-3_8\"><\/textarea><\/div><\/div><\/div><\/div><div class=\"quform-element quform-element-captcha quform-element-3_10 quform-cf quform-element-required\"><div class=\"quform-spacer\"><div class=\"quform-label quform-label-3_10\"><label class=\"quform-label-text\" for=\"quform_3_10_88f72a\">L\u00fctfen karakterleri yaz\u0131n<span class=\"quform-required\">*<\/span><\/label><\/div><div class=\"quform-inner quform-inner-captcha quform-inner-3_10\"><div class=\"quform-input quform-input-captcha quform-input-3_10 quform-cf\"><input type=\"text\" id=\"quform_3_10_88f72a\" name=\"quform_3_10\" class=\"quform-field quform-field-captcha quform-field-3_10\" \/><\/div><div class=\"quform-captcha quform-cf\"><div class=\"quform-captcha-image quform-captcha-image-3_10\"><img loading=\"lazy\" decoding=\"async\" src=\"data:image\/png;base64,iVBORw0KGgoAAAANSUhEUgAAAOYAAABQBAMAAAD\/1xTgAAAAIVBMVEX\/\/\/8iIiLj4+OsrKx0dHQ9PT2QkJDHx8dZWVmysrJfX1+0VsI9AAAACXBIWXMAAA7EAAAOxAGVKw4bAAAEIUlEQVRoge1YS0\/bQBB2ncT2kYGYRD0FSCDHhPI6Jg1Rrywgek0otD0GFcE1Dg9xbX9xZ2bXb8sbLIpUyZ8U4cfufrMz38ysMYwSJUqUKFGiRIkS\/yd+Tt6dsgvr7845BCg0b2t8VpTSBoBegXljALcop4Oc89dPs3AatApybuDc1ddPq0LgH\/tqST\/Z31vyYgovRURkQxNggBc7ewLWlppienAirzw4KBSYTYOWuHui\/UZt9p5nWXxjcIXvUBNgEyBrmBZTWCEBIhrhwwrejlrxgVvHs6ocuML3FjTR4EERzhto8FLNH5GHrC13FB13i0bVmHJdGuOgY6a+n1+HD7DODPPoQwwa4VTdVsX5mMiY05WUKNtV\/DWMFLaOH7+1cjkddNHxfrCST7ovI7zHYp5Kn9bN+6swPaZopgN14\/ZzfMEuey03CSwqYNOUvbylBhkUcn7lQM\/VCA8mNPk6kS8VObaZt1MU0Ax\/kxRnEzMWXTzbP9\/t8DKH0kI10qRiYia0Z5A+JPKqBU7rddJ5VkOvsc0D\/D3\/ORCSzAmyw8I55hG+vIjvCAeOPl1rSqqAwTBdT5iTHLxgq59\/S8trQamswXqFlJaoJKZU3n7ac1EM4QyyfFuXcZwPmfQj0AMUqm\/\/BpWwRCUxOFQTST3P4exnxpwUiRMFTr3j94K92mdmAuvqop30oa3qt5ebudQePBZlnLOJHcClhKAQQf2GLZ8GvsTtu5cU8cPr2FbVBkUuJ4aomW6\/xLkBa8SJ6y72FlUOnRdJz\/qMKUDmk48huD3W9zyHs0pR70DgtJAT\/TPEgtph3ZgsRaGKrWFsc2U0Vd5GJwI8Hov8I4RFgaJid7YTKbkOb75HnErVGPdJUho2efhLbLm2ys\/4FhKwWRxccyOdCTlruDHkRJ4TtYHVZPFAyot4N\/Mpc1OFQoLvOdcinQk5+xhAbFaOchNy161EwwR4iK9lCkg1xix4cHo3k40kjIFD2XFCRbXvawSzo504Pd1eJtYiQR5u3glw85s5JX2D9RdZwZEmCJgIX6q43pPuMNKXdlthH8yCeUWrr3nwvBt9XJU5IOB74HFbKw3ymUzWm3gCJbAh3b+9G39clTEBGIZbG6bLaxLhwSUvV7j3PKa8b8mjA0RpOpoWxZyy\/OTXW4xS1hkPBeiq\/hhMptamOf8EA3JHmqNshXVhocpM+N4D3TlPhAfRQqczuUZUNX3teXaqtGNprctbQ9n7q2VQ7HXndlTkgv52Cp62CY5qrF22v6\/9PqGQY9WuiOKfe7g\/aa7HBdLTf4dRK2++CG3x08Nk+S4TpIpf44t8Dac4J7SHlnZoOzgLvwHn7pG2CjG26SPvQT9OC2+Zpuhj5771BpSqKr\/vv2Zs6sWanvjmqIzdzE\/vEiVKlChRosQ\/xV9R06hVVuVgUQAAAABJRU5ErkJggg==\" alt=\"CAPTCHA image\" data-element-id=\"10\" width=\"115\" height=\"40\" \/><\/div><\/div><p class=\"quform-description quform-description-below\">Bu spam \u00f6nlememize yard\u0131mc\u0131 olur, te\u015fekk\u00fcrler.<\/p><\/div><\/div><\/div><div class=\"quform-element quform-element-submit quform-element-3_2 quform-cf quform-button-style-theme\"><div class=\"quform-button-submit quform-button-submit-default quform-button-submit-3_2\"><button name=\"quform_submit\" type=\"submit\" class=\"quform-submit\" value=\"submit\"><span class=\"quform-button-text quform-button-submit-text\">Send<\/span><\/button><\/div><div class=\"quform-loading quform-loading-position-left quform-loading-type-spinner-1\"><div class=\"quform-loading-inner\"><div class=\"quform-loading-spinner\"><div class=\"quform-loading-spinner-inner\"><\/div><\/div><\/div><\/div><\/div><div class=\"quform-element-tree\"><label for=\"quform_3_0_88f72a\">This field should be left blank<\/label><input type=\"text\" id=\"quform_3_0_88f72a\" name=\"quform_3_0\" class=\"quform-field quform-field-tree quform-field-3_0\" tabindex=\"-1\" autocomplete=\"off\" \/><\/div><\/div><\/div><\/div><\/div><\/form><\/div>\n\t<\/div>\n<\/div>\n\n\n\n\n\t\t\t<\/div> \n\t\t<\/div>\n\t<\/div> \n<\/div><\/div>\n","protected":false},"excerpt":{"rendered":"Telefon T. +90 (212) 291 42 35 F. +90 (212) 291 42 37 Adres Fabrika Merkez Mahallesi G\u00fcven\u00e7 Sokak No:9 Bomonti, \u015ei\u015fli \u2013 \u0130stanbul Ma\u011faza Me\u015frutiyet Mah.\u015eair Nigar Sok.53-55\/2 \u015ei\u015fli...","protected":false},"author":1,"featured_media":0,"parent":0,"menu_order":0,"comment_status":"closed","ping_status":"closed","template":"","meta":{"footnotes":""},"class_list":["post-179","page","type-page","status-publish"],"jetpack_sharing_enabled":true,"_links":{"self":[{"href":"https:\/\/invito.co\/tr_en\/wp-json\/wp\/v2\/pages\/179","targetHints":{"allow":["GET"]}}],"collection":[{"href":"https:\/\/invito.co\/tr_en\/wp-json\/wp\/v2\/pages"}],"about":[{"href":"https:\/\/invito.co\/tr_en\/wp-json\/wp\/v2\/types\/page"}],"author":[{"embeddable":true,"href":"https:\/\/invito.co\/tr_en\/wp-json\/wp\/v2\/users\/1"}],"replies":[{"embeddable":true,"href":"https:\/\/invito.co\/tr_en\/wp-json\/wp\/v2\/comments?post=179"}],"version-history":[{"count":2,"href":"https:\/\/invito.co\/tr_en\/wp-json\/wp\/v2\/pages\/179\/revisions"}],"predecessor-version":[{"id":1630,"href":"https:\/\/invito.co\/tr_en\/wp-json\/wp\/v2\/pages\/179\/revisions\/1630"}],"wp:attachment":[{"href":"https:\/\/invito.co\/tr_en\/wp-json\/wp\/v2\/media?parent=179"}],"curies":[{"name":"wp","href":"https:\/\/api.w.org\/{rel}","templated":true}]}}